{"id":38,"date":"2017-05-25T18:15:09","date_gmt":"2017-05-25T18:15:09","guid":{"rendered":"http:\/\/vitalogie-harburg.de\/?page_id=38"},"modified":"2017-06-26T12:52:53","modified_gmt":"2017-06-26T12:52:53","slug":"vitalogie","status":"publish","type":"page","link":"http:\/\/vitalogie-harburg.de\/?page_id=38","title":{"rendered":"Vitalogie"},"content":{"rendered":"<p><span style=\"font-family: 'trebuchet ms', geneva, sans-serif; font-size: 14pt;\"><span style=\"color: #999999;\">Was ist Vitalogie?<\/span><\/span><\/p>\n<p><span style=\"font-family: 'trebuchet ms', geneva, sans-serif;\">Die Vitalogie ist eine effektive und sanfte Anwendungsm\u00f6glichkeit mit ganzheitlichen Auswirkungen auf den K\u00f6rper.<\/span><br \/>\n<span style=\"font-family: 'trebuchet ms', geneva, sans-serif;\"> Das Ziel ist die K\u00f6rperstatik und das Nervensystem in Balance zu bringen.<\/span><\/p>\n<p>&nbsp;<\/p>\n<p><span style=\"color: #999999; font-family: 'trebuchet ms', geneva, sans-serif; font-size: 14pt;\">Die vitalogische Anwendung<\/span><\/p>\n<p><span style=\"font-family: 'trebuchet ms', geneva, sans-serif;\">Der Vitaloge ertastet feinf\u00fchlig den oberen seitlichen Halswirbelbereich direkt unter der Sch\u00e4delbasis und stellt einen m\u00f6glichen Anwendungsbedarf fest.<\/span><br \/>\n<span style=\"font-family: 'trebuchet ms', geneva, sans-serif;\"> Die Anwendung erfolgt auf einer speziellen Behandlungsliege. Eine anschlie\u00dfende Ruhephase gibt dem K\u00f6rper Zeit sich auf die neue Situation einzustellen und unterst\u00fctzt die beginnende Regeneration.<\/span><br \/>\n<span style=\"font-family: 'trebuchet ms', geneva, sans-serif;\"> F\u00fcr eine Nachhaltigkeit werden regelm\u00e4\u00dfige Anwendungen empfohlen.<\/span><br \/>\n<span style=\"font-family: 'trebuchet ms', geneva, sans-serif;\"> Die Vitalogie ist f\u00fcr Kinder und Jugendliche ebenfalls empfehlenswert, um die entwicklungsbedingten Ver\u00e4nderungen zu unterst\u00fctzen.<\/span><\/p>\n<p>&nbsp;<\/p>\n<p><span style=\"color: #999999; font-family: 'trebuchet ms', geneva, sans-serif; font-size: 14pt;\">Ziele und Wirkung der Vitalogie<\/span><\/p>\n<ul>\n<li><span style=\"font-family: 'trebuchet ms', geneva, sans-serif;\">Ungehinderte Nervenimpuls\u00fcbermittlung vom Gehirn \u00fcber das R\u00fcckenmark, ohne Bedr\u00e4ngung im Bereich der Wirbelgelenke auf die R\u00fcckenmarksnerven<\/span><\/li>\n<li><span style=\"font-family: 'trebuchet ms', geneva, sans-serif;\">Bestm\u00f6gliche Eigenkorrektur der Wirbels\u00e4ulenstatik<\/span><\/li>\n<li><span style=\"font-family: 'trebuchet ms', geneva, sans-serif;\">Gleichm\u00e4\u00dfige Be- und Entlastung der Gelenke<\/span><\/li>\n<li><span style=\"font-family: 'trebuchet ms', geneva, sans-serif;\">Entspannung des Muskel- und Bandapparates<\/span><\/li>\n<li><span style=\"font-family: 'trebuchet ms', geneva, sans-serif;\">Optimierung aller Abl\u00e4ufe des Nervensystems<\/span><\/li>\n<li><span style=\"font-family: 'trebuchet ms', geneva, sans-serif;\">Optimierung des Immunsystems und der Selbstheilungskraft<\/span><\/li>\n<li><span style=\"font-family: 'trebuchet ms', geneva, sans-serif;\">Unterst\u00fctzung in der Funktion, Produktion und Regeneration aller K\u00f6rperzellen<\/span><\/li>\n<\/ul>\n","protected":false},"excerpt":{"rendered":"<p>Was ist Vitalogie? Die Vitalogie ist eine effektive und sanfte Anwendungsm\u00f6glichkeit mit ganzheitlichen Auswirkungen auf den K\u00f6rper. Das Ziel ist die K\u00f6rperstatik und das Nervensystem in Balance zu bringen. &nbsp; Die vitalogische Anwendung Der Vitaloge ertastet feinf\u00fchlig den oberen seitlichen Halswirbelbereich direkt unter der Sch\u00e4delbasis und stellt einen m\u00f6glichen Anwendungsbedarf fest. Die Anwendung erfolgt auf einer speziellen Behandlungsliege. Eine anschlie\u00dfende Ruhephase gibt dem K\u00f6rper Zeit sich auf die neue Situation einzustellen und unterst\u00fctzt die beginnende Regeneration. F\u00fcr eine Nachhaltigkeit werden&#8230;<\/p>\n<p class=\"read-more\"><a class=\"btn btn-default\" href=\"http:\/\/vitalogie-harburg.de\/?page_id=38\">Weiterlesen<span class=\"screen-reader-text\"> Weiterlesen<\/span><\/a><\/p>\n","protected":false},"author":1,"featured_media":0,"parent":0,"menu_order":0,"comment_status":"closed","ping_status":"closed","template":"","meta":{"footnotes":""},"class_list":["post-38","page","type-page","status-publish","hentry"],"_links":{"self":[{"href":"http:\/\/vitalogie-harburg.de\/index.php?rest_route=\/wp\/v2\/pages\/38","targetHints":{"allow":["GET"]}}],"collection":[{"href":"http:\/\/vitalogie-harburg.de\/index.php?rest_route=\/wp\/v2\/pages"}],"about":[{"href":"http:\/\/vitalogie-harburg.de\/index.php?rest_route=\/wp\/v2\/types\/page"}],"author":[{"embeddable":true,"href":"http:\/\/vitalogie-harburg.de\/index.php?rest_route=\/wp\/v2\/users\/1"}],"replies":[{"embeddable":true,"href":"http:\/\/vitalogie-harburg.de\/index.php?rest_route=%2Fwp%2Fv2%2Fcomments&post=38"}],"version-history":[{"count":20,"href":"http:\/\/vitalogie-harburg.de\/index.php?rest_route=\/wp\/v2\/pages\/38\/revisions"}],"predecessor-version":[{"id":206,"href":"http:\/\/vitalogie-harburg.de\/index.php?rest_route=\/wp\/v2\/pages\/38\/revisions\/206"}],"wp:attachment":[{"href":"http:\/\/vitalogie-harburg.de\/index.php?rest_route=%2Fwp%2Fv2%2Fmedia&parent=38"}],"curies":[{"name":"wp","href":"https:\/\/api.w.org\/{rel}","templated":true}]}}