{"id":40,"date":"2017-05-25T18:15:20","date_gmt":"2017-05-25T18:15:20","guid":{"rendered":"http:\/\/vitalogie-harburg.de\/?page_id=40"},"modified":"2023-08-13T15:24:37","modified_gmt":"2023-08-13T15:24:37","slug":"impressum","status":"publish","type":"page","link":"http:\/\/vitalogie-harburg.de\/?page_id=40","title":{"rendered":"Impressum"},"content":{"rendered":"<p><span style=\"font-family: 'trebuchet ms', geneva, sans-serif;\">Vitalogie Harburg<\/span><br \/>\n<span style=\"font-family: 'trebuchet ms', geneva, sans-serif;\"> Sabine Wiese\u00a0<\/span><br \/>\n<span style=\"font-family: 'trebuchet ms', geneva, sans-serif;\">Hannoversche Stra\u00dfe 83<\/span><br \/>\n<span style=\"font-family: 'trebuchet ms', geneva, sans-serif;\"> 21079 Hamburg<\/span><br \/>\n<span style=\"font-family: 'trebuchet ms', geneva, sans-serif;\"> Telefon: 040\/790 90 128<\/span><br \/>\n<span style=\"font-family: 'trebuchet ms', geneva, sans-serif;\"> email: info@vitalogie-harburg.de<\/span><\/p>\n<p><span style=\"font-family: 'trebuchet ms', geneva, sans-serif;\">Inhaltlich verantwortlich: Sabine Wiese (Heilpraktikerin)<\/span><\/p>\n<p>Mitglied des Verbandes der Deutschen Vitalogisten (VddV)<\/p>\n<p><span style=\"font-family: 'trebuchet ms', geneva, sans-serif;\">\u00a0<\/span><\/p>\n<p><span style=\"font-family: 'trebuchet ms', geneva, sans-serif;\">Gestaltung:<\/span><br \/>\n<span style=\"font-family: 'trebuchet ms', geneva, sans-serif;\">Sascha und Peter Barghahn \u00a0 \u00a0<\/span><\/p>\n<p><span style=\"font-family: 'trebuchet ms', geneva, sans-serif;\"><strong>Zur Linksetzung<\/strong><\/span><\/p>\n<p><span style=\"font-family: 'trebuchet ms', geneva, sans-serif;\">Diese Website enth\u00e4lt direkte und indirekte Verweise auf externe<br \/>\n<\/span><span style=\"font-family: 'trebuchet ms', geneva, sans-serif;\">Internetseiten. Es handelt sich hier um einen reinen Service f\u00fcr<br \/>\n<\/span><span style=\"font-family: 'trebuchet ms', geneva, sans-serif;\">Besucher dieser Website. F\u00fcr Verweise auf fremde Internetseiten<br \/>\n<\/span><span style=\"font-family: 'trebuchet ms', geneva, sans-serif;\">(Links), die au\u00dferhalb unseres Verantwortungsbereichs liegen,<br \/>\n<\/span><span style=\"font-family: 'trebuchet ms', geneva, sans-serif;\">kann eine Haftungsverpflichtung ausschlie\u00dflich in dem Fall in Kraft treten,<br \/>\n<\/span><span style=\"font-family: 'trebuchet ms', geneva, sans-serif;\">in dem wir von den Inhalten Kenntnis haben und es uns technisch<br \/>\n<\/span><span style=\"font-family: 'trebuchet ms', geneva, sans-serif;\">m\u00f6glich und zumutbar w\u00e4re, die Nutzung im Falle rechtswidriger<br \/>\n<\/span><span style=\"font-family: 'trebuchet ms', geneva, sans-serif;\">Inhalte zu verhindern.<br \/>\n<\/span><span style=\"font-family: 'trebuchet ms', geneva, sans-serif;\">Wir erkl\u00e4ren daher ausdr\u00fccklich, dass zum Zeitpunkt der Linksetzung<br \/>\n<\/span><span style=\"font-family: 'trebuchet ms', geneva, sans-serif;\">die entsprechenden verlinkten Seiten frei von illegalen Inhalten waren.<br \/>\n<\/span><span style=\"font-family: 'trebuchet ms', geneva, sans-serif;\">Wir haben keinerlei Einfluss auf die aktuelle und zuk\u00fcnftige Gestaltung<br \/>\n<\/span><span style=\"font-family: 'trebuchet ms', geneva, sans-serif;\">und auf die Inhalte der gelinkten\/verkn\u00fcpften Seiten. Deshalb distanzieren<br \/>\n<\/span><span style=\"font-family: 'trebuchet ms', geneva, sans-serif;\">wir uns hiermit ausdr\u00fccklich von allen Inhalten aller gelinkten bzw.<\/span><span style=\"font-family: 'trebuchet ms', geneva, sans-serif;\">verkn\u00fcpften Seiten die nach der Linksetzung ver\u00e4ndert wurden.<br \/>\nDiese\u00a0<\/span><span style=\"font-family: 'trebuchet ms', geneva, sans-serif;\">Feststellung gilt f\u00fcr alle innerhalb des eigenen Internetangebots gesetzten<br \/>\n<\/span><span style=\"font-family: 'trebuchet ms', geneva, sans-serif;\">Links und Verweise. F\u00fcr illegale, fehlerhafte und unvollst\u00e4ndige<br \/>\n<\/span><span style=\"font-family: 'trebuchet ms', geneva, sans-serif;\">Inhalte und insbesondere f\u00fcr Sch\u00e4den, die aus der Nutzung oder<br \/>\n<\/span><span style=\"font-family: 'trebuchet ms', geneva, sans-serif;\">Nichtnutzung solcherart dargebotener Informationen entstehen, haftet<br \/>\n<\/span><span style=\"font-family: 'trebuchet ms', geneva, sans-serif;\">allein der Anbieter der Seite, auf welche verwiesen wurde, nicht<br \/>\n<\/span><span style=\"font-family: 'trebuchet ms', geneva, sans-serif;\">derjenige, der \u00fcber Links auf die jeweilige Ver\u00f6ffentlichung lediglich verweist.<br \/>\n<\/span><span style=\"font-family: 'trebuchet ms', geneva, sans-serif;\">Sollten Sie trotz unserer sorgf\u00e4ltigen Recherchen einen aus Ihrer<br \/>\n<\/span><span style=\"font-family: 'trebuchet ms', geneva, sans-serif;\">Sicht bedenklichen Link finden oder einen Link auf Ihre Seite nicht<br \/>\n<\/span><span style=\"font-family: 'trebuchet ms', geneva, sans-serif;\">w\u00fcnschen, so teilen Sie uns dies bitte einfach per e-mail mit. Zu Recht<br \/>\n<\/span><span style=\"font-family: 'trebuchet ms', geneva, sans-serif;\">beanstandete Links werden wir unverz\u00fcglich entfernen, ohne<br \/>\n<\/span><span style=\"font-family: 'trebuchet ms', geneva, sans-serif;\">das Sie einen Rechtsbeistand bem\u00fchen m\u00fcssen.<\/span><\/p>\n<p><span style=\"font-family: 'trebuchet ms', geneva, sans-serif;\"><strong>Rechtswirksamkeit<\/strong><\/span><\/p>\n<p><span style=\"font-family: 'trebuchet ms', geneva, sans-serif;\">Dieser Haftungsausschluss geh\u00f6rt zum Inhalt der Website, von dem aus<br \/>\n<\/span><span style=\"font-family: 'trebuchet ms', geneva, sans-serif;\">auf diese Seite verwiesen wurde. Sofern Teile oder einzelne Formulierungen<br \/>\n<\/span><span style=\"font-family: 'trebuchet ms', geneva, sans-serif;\">vollst\u00e4ndig entsprechen sollten, bleiben die \u00fcbrigen Teile des Dokumentes in<br \/>\n<\/span><span style=\"font-family: 'trebuchet ms', geneva, sans-serif;\">ihrem Inhalt und G\u00fcltigkeit davon unber\u00fchrt.<\/span><\/p>\n<p><span style=\"font-family: 'trebuchet ms', geneva, sans-serif;\"><strong>Besondere Hinweise zum HWG<\/strong><\/span><\/p>\n<p><span style=\"font-family: 'trebuchet ms', geneva, sans-serif;\">Aus rechtlichen Gr\u00fcnden beachten Sie bitte folgenden Hinweis: Grunds\u00e4tzlich soll bei keiner unserer aufgef\u00fchreten Therapien der Eindruck erweckt werden, dass diesen ein Heilversprechen unsererseits zugrunde liegt. Ebensowenig kann aus den Ausf\u00fchrungen abgeleitet werden, dass Linderung oder Besserung eines Krankheitszustandes garantiert oder versprochen werden kann. <strong><br \/>\n<\/strong><\/span><\/p>\n","protected":false},"excerpt":{"rendered":"<p>Vitalogie Harburg Sabine Wiese\u00a0 Hannoversche Stra\u00dfe 83 21079 Hamburg Telefon: 040\/790 90 128 email: info@vitalogie-harburg.de Inhaltlich verantwortlich: Sabine Wiese (Heilpraktikerin) Mitglied des Verbandes der Deutschen Vitalogisten (VddV) \u00a0 Gestaltung: Sascha und Peter Barghahn \u00a0 \u00a0 Zur Linksetzung Diese Website enth\u00e4lt direkte und indirekte Verweise auf externe Internetseiten. Es handelt sich hier um einen reinen Service f\u00fcr Besucher dieser Website. F\u00fcr Verweise auf fremde Internetseiten (Links), die au\u00dferhalb unseres Verantwortungsbereichs liegen, kann eine Haftungsverpflichtung ausschlie\u00dflich in dem Fall in Kraft treten,&#8230;<\/p>\n<p class=\"read-more\"><a class=\"btn btn-default\" href=\"http:\/\/vitalogie-harburg.de\/?page_id=40\">Weiterlesen<span class=\"screen-reader-text\"> Weiterlesen<\/span><\/a><\/p>\n","protected":false},"author":1,"featured_media":0,"parent":0,"menu_order":0,"comment_status":"closed","ping_status":"closed","template":"","meta":{"footnotes":""},"class_list":["post-40","page","type-page","status-publish","hentry"],"_links":{"self":[{"href":"http:\/\/vitalogie-harburg.de\/index.php?rest_route=\/wp\/v2\/pages\/40","targetHints":{"allow":["GET"]}}],"collection":[{"href":"http:\/\/vitalogie-harburg.de\/index.php?rest_route=\/wp\/v2\/pages"}],"about":[{"href":"http:\/\/vitalogie-harburg.de\/index.php?rest_route=\/wp\/v2\/types\/page"}],"author":[{"embeddable":true,"href":"http:\/\/vitalogie-harburg.de\/index.php?rest_route=\/wp\/v2\/users\/1"}],"replies":[{"embeddable":true,"href":"http:\/\/vitalogie-harburg.de\/index.php?rest_route=%2Fwp%2Fv2%2Fcomments&post=40"}],"version-history":[{"count":16,"href":"http:\/\/vitalogie-harburg.de\/index.php?rest_route=\/wp\/v2\/pages\/40\/revisions"}],"predecessor-version":[{"id":366,"href":"http:\/\/vitalogie-harburg.de\/index.php?rest_route=\/wp\/v2\/pages\/40\/revisions\/366"}],"wp:attachment":[{"href":"http:\/\/vitalogie-harburg.de\/index.php?rest_route=%2Fwp%2Fv2%2Fmedia&parent=40"}],"curies":[{"name":"wp","href":"https:\/\/api.w.org\/{rel}","templated":true}]}}