{"id":7,"date":"2017-05-25T16:17:07","date_gmt":"2017-05-25T16:17:07","guid":{"rendered":"http:\/\/vitalogie-harburg.de\/?page_id=7"},"modified":"2022-04-20T11:24:51","modified_gmt":"2022-04-20T11:24:51","slug":"startseite","status":"publish","type":"page","link":"http:\/\/vitalogie-harburg.de\/","title":{"rendered":""},"content":{"rendered":"<p style=\"text-align: center;\"><img loading=\"lazy\" decoding=\"async\" class=\"alignnone  wp-image-351\" src=\"http:\/\/vitalogie-harburg.de\/wp-content\/uploads\/2022\/04\/Bildschirmfoto-2022-04-20-um-13.19.29-193x300.png\" alt=\"\" width=\"325\" height=\"505\" srcset=\"http:\/\/vitalogie-harburg.de\/wp-content\/uploads\/2022\/04\/Bildschirmfoto-2022-04-20-um-13.19.29-193x300.png 193w, http:\/\/vitalogie-harburg.de\/wp-content\/uploads\/2022\/04\/Bildschirmfoto-2022-04-20-um-13.19.29-174x270.png 174w, http:\/\/vitalogie-harburg.de\/wp-content\/uploads\/2022\/04\/Bildschirmfoto-2022-04-20-um-13.19.29.png 586w\" sizes=\"auto, (max-width: 325px) 100vw, 325px\" \/><img class=\"aligncenter\" \/><span style=\"font-family: 'trebuchet ms', geneva, sans-serif; font-size: revert; color: initial;\">Die Vitalogie ist eine effektive und sehr sanfte Anwendungsm\u00f6glichkeit mit ganzheitlichen Auswirkungen auf den K\u00f6rper.<\/span><\/p>\n<p style=\"text-align: center;\"><span style=\"font-family: 'trebuchet ms', geneva, sans-serif;\">Das Ziel ist die K\u00f6rperstatik und das Nervensystem in Balance zu bringen.<\/span><\/p>\n\n\n<p><\/p>\n","protected":false},"excerpt":{"rendered":"<p>Die Vitalogie ist eine effektive und sehr sanfte Anwendungsm\u00f6glichkeit mit ganzheitlichen Auswirkungen auf den K\u00f6rper. Das Ziel ist die K\u00f6rperstatik und das Nervensystem in Balance zu bringen.<\/p>\n","protected":false},"author":1,"featured_media":0,"parent":0,"menu_order":0,"comment_status":"closed","ping_status":"closed","template":"","meta":{"footnotes":""},"class_list":["post-7","page","type-page","status-publish","hentry"],"_links":{"self":[{"href":"http:\/\/vitalogie-harburg.de\/index.php?rest_route=\/wp\/v2\/pages\/7","targetHints":{"allow":["GET"]}}],"collection":[{"href":"http:\/\/vitalogie-harburg.de\/index.php?rest_route=\/wp\/v2\/pages"}],"about":[{"href":"http:\/\/vitalogie-harburg.de\/index.php?rest_route=\/wp\/v2\/types\/page"}],"author":[{"embeddable":true,"href":"http:\/\/vitalogie-harburg.de\/index.php?rest_route=\/wp\/v2\/users\/1"}],"replies":[{"embeddable":true,"href":"http:\/\/vitalogie-harburg.de\/index.php?rest_route=%2Fwp%2Fv2%2Fcomments&post=7"}],"version-history":[{"count":52,"href":"http:\/\/vitalogie-harburg.de\/index.php?rest_route=\/wp\/v2\/pages\/7\/revisions"}],"predecessor-version":[{"id":353,"href":"http:\/\/vitalogie-harburg.de\/index.php?rest_route=\/wp\/v2\/pages\/7\/revisions\/353"}],"wp:attachment":[{"href":"http:\/\/vitalogie-harburg.de\/index.php?rest_route=%2Fwp%2Fv2%2Fmedia&parent=7"}],"curies":[{"name":"wp","href":"https:\/\/api.w.org\/{rel}","templated":true}]}}